{"id":1280,"date":"2019-09-30T14:53:51","date_gmt":"2019-09-30T14:53:51","guid":{"rendered":"http:\/\/timining.com\/?page_id=1280"},"modified":"2023-08-29T15:14:25","modified_gmt":"2023-08-29T19:14:25","slug":"solicitud-de-demostracion","status":"publish","type":"page","link":"https:\/\/www.timining.com\/es\/solicitud-de-demostracion\/","title":{"rendered":"Solicitud de contacto"},"content":{"rendered":"<p>Interesado en nuestras soluciones? Env\u00edanos tus datos y te contactaremos lo antes posible..Te contactaremos a la brevedad.Hay alg\u00fan problema con el formulario. Nos podr\u00edas enviar un correo a contact@timining.com?<\/p>\n","protected":false},"excerpt":{"rendered":"<p>Interesado en nuestras soluciones? Env\u00edanos tus datos y te contactaremos lo antes posible..Te contactaremos a la brevedad.Hay alg\u00fan problema con el formulario. Nos podr\u00edas enviar un correo a contact@timining.com?<\/p>\n","protected":false},"author":1,"featured_media":4349,"parent":0,"menu_order":0,"comment_status":"closed","ping_status":"closed","template":"product-contact","meta":{"_acf_changed":false,"footnotes":""},"class_list":["post-1280","page","type-page","status-publish","has-post-thumbnail","hentry"],"acf":[],"builder_content":"","_links":{"self":[{"href":"https:\/\/www.timining.com\/es\/wp-json\/wp\/v2\/pages\/1280","targetHints":{"allow":["GET"]}}],"collection":[{"href":"https:\/\/www.timining.com\/es\/wp-json\/wp\/v2\/pages"}],"about":[{"href":"https:\/\/www.timining.com\/es\/wp-json\/wp\/v2\/types\/page"}],"author":[{"embeddable":true,"href":"https:\/\/www.timining.com\/es\/wp-json\/wp\/v2\/users\/1"}],"replies":[{"embeddable":true,"href":"https:\/\/www.timining.com\/es\/wp-json\/wp\/v2\/comments?post=1280"}],"version-history":[{"count":9,"href":"https:\/\/www.timining.com\/es\/wp-json\/wp\/v2\/pages\/1280\/revisions"}],"predecessor-version":[{"id":5169,"href":"https:\/\/www.timining.com\/es\/wp-json\/wp\/v2\/pages\/1280\/revisions\/5169"}],"wp:featuredmedia":[{"embeddable":true,"href":"https:\/\/www.timining.com\/es\/wp-json\/wp\/v2\/media\/4349"}],"wp:attachment":[{"href":"https:\/\/www.timining.com\/es\/wp-json\/wp\/v2\/media?parent=1280"}],"curies":[{"name":"wp","href":"https:\/\/api.w.org\/{rel}","templated":true}]}}