{"id":268,"date":"2019-08-21T14:35:33","date_gmt":"2019-08-21T14:35:33","guid":{"rendered":"http:\/\/timining.devel\/?page_id=268"},"modified":"2024-06-10T09:31:19","modified_gmt":"2024-06-10T13:31:19","slug":"inicio-2","status":"publish","type":"page","link":"https:\/\/www.timining.com\/es\/","title":{"rendered":"Inicio"},"content":{"rendered":"<p>Digitalizaci\u00f3n de la mina, Entregada.An\u00e1lisis y simulaci\u00f3n con TIMining Orchestra .Conciliaci\u00f3n automatizada con TIMining Delta.Monitoreo en tiempo real con TIMining Drillit.Mejora la productividad, eficiencia y seguridad de tu mina usando el valor de tus datos. Proveemos soluciones de data analytics y simulaci\u00f3n en miner\u00eda que ayudan a tomar mejores decisiones en Planificaci\u00f3n, Geotecnia, Excelencia Operacional y Operaciones Mina. .Somos una empresa de software para la miner\u00eda, enfocada 100% en tecnolog\u00eda para la industria minera. Creamos soluciones para una miner\u00eda m\u00e1s eficiente, productiva, segura y sustentable. .DISE\u00d1ADORES, INGENIEROS Y MINEROS.Las mayores corporaciones del mundo operan sus minas con soluciones de software minero de TIMining. Acuerdos corporativos y aprobaciones de TI Corporativo hacen r\u00e1pida y f\u00e1cil la adquisici\u00f3n e implementaci\u00f3n de soluciones de TIMining..MINAS USANDO NUESTRAS SOLUCIONES.A\u00f1os en el mercado minero global.PAISES CON PRESENCIA..Digitalizaci\u00f3n de la mina,   implementaci\u00f3n Online<\/p>\n","protected":false},"excerpt":{"rendered":"<p>Digitalizaci\u00f3n de la mina, Entregada.An\u00e1lisis y simulaci\u00f3n con TIMining Orchestra .Conciliaci\u00f3n automatizada con TIMining Delta.Monitoreo en tiempo real con TIMining Drillit.Mejora la productividad, eficiencia y seguridad de tu mina usando el valor de tus datos. Proveemos soluciones de data analytics y simulaci\u00f3n en miner\u00eda que ayudan a tomar mejores decisiones en Planificaci\u00f3n, Geotecnia, Excelencia Operacional [&hellip;]<\/p>\n","protected":false},"author":1,"featured_media":0,"parent":0,"menu_order":0,"comment_status":"closed","ping_status":"closed","template":"","meta":{"_acf_changed":false,"footnotes":""},"class_list":["post-268","page","type-page","status-publish","hentry"],"acf":[],"builder_content":"","_links":{"self":[{"href":"https:\/\/www.timining.com\/es\/wp-json\/wp\/v2\/pages\/268","targetHints":{"allow":["GET"]}}],"collection":[{"href":"https:\/\/www.timining.com\/es\/wp-json\/wp\/v2\/pages"}],"about":[{"href":"https:\/\/www.timining.com\/es\/wp-json\/wp\/v2\/types\/page"}],"author":[{"embeddable":true,"href":"https:\/\/www.timining.com\/es\/wp-json\/wp\/v2\/users\/1"}],"replies":[{"embeddable":true,"href":"https:\/\/www.timining.com\/es\/wp-json\/wp\/v2\/comments?post=268"}],"version-history":[{"count":121,"href":"https:\/\/www.timining.com\/es\/wp-json\/wp\/v2\/pages\/268\/revisions"}],"predecessor-version":[{"id":5408,"href":"https:\/\/www.timining.com\/es\/wp-json\/wp\/v2\/pages\/268\/revisions\/5408"}],"wp:attachment":[{"href":"https:\/\/www.timining.com\/es\/wp-json\/wp\/v2\/media?parent=268"}],"curies":[{"name":"wp","href":"https:\/\/api.w.org\/{rel}","templated":true}]}}