{"id":56,"date":"2019-08-06T16:13:16","date_gmt":"2019-08-06T16:13:16","guid":{"rendered":"http:\/\/timining.devel\/?page_id=56"},"modified":"2023-02-21T15:07:18","modified_gmt":"2023-02-21T19:07:18","slug":"about","status":"publish","type":"page","link":"https:\/\/www.timining.com\/es\/about\/","title":{"rendered":"Qui\u00e9nes Somos"},"content":{"rendered":"<p>Somos una empresa tecnol\u00f3gica enfocada 100% en miner\u00eda. <br \/>\nCreamos soluciones para minas m\u00e1s eficientes, productivas, seguras y sustentables.<\/p>\n<p>.Cont\u00e1ctanos si eres apasionado por la tecnolog\u00eda, miner\u00eda, innovaci\u00f3n o dise\u00f1o y quieres unirte a un equipo de desempe\u00f1o de clase mundial. Buscamos talentos en Australia, Canada, Peru, Chile y USA. .Creamos software que transforma datos en insights, para mejorar las decisiones de expertos mineros. <br \/>C\u00f3mo lo hacen nuestras soluciones:<br \/>\n<br \/>\n1. Se conectan a datos de cualquier m\u00e1quina, sensor o base de datos de un proceso.<br \/>\n<br \/>\n2. Analizan los datos con l\u00f3gica minera y 3D, para limpiarlos, corregirlos y correlacionarlos.<br \/>\n<br \/>\n3. Transformamos los datos en informaci\u00f3n, usando algoritmos de anal\u00edtica avanzada y computaci\u00f3n 3D.<br \/>\n<br \/>\n4. Presentan informaci\u00f3n 3D usando las mejores pr\u00e1cticas de dise\u00f1o y experiencia de usuario.<br \/>\n<br \/>\n5. Entregan herramientas para predecir y simular usando datos de desempe\u00f1o real. .<strong>Foco en el usuario\/cliente: <\/strong>Reconocemos que s\u00f3lo somos exitosos cuando nuestros clientes son exitosos. Entendemos que creamos valor s\u00f3lo a trav\u00e9s de nuestros usuarios, cuando ellos crean valor sustentable al usar nuestras soluciones. Nos sentimos orgullosos cuando a un cliente le encanta nuestro producto.<\/p>\n<p><strong>Integridad: <\/strong>Somos profesionales y honestos en nuestras relaciones laborales. Cumplimos nuestros compromisos y damos al m\u00e1ximo de nuestras capacidades. Somos intolerantes de los acuerdos por debajo de la mesa. Actuamos siempre apegado a los valores de la rectitud, la honestidad, y la justicia.<\/p>\n<p><strong>Colaboraci\u00f3n:<\/strong> Creemos que colaborando multiplicamos nuestro impacto. Entendemos que el trabajo en equipo requiere escuchar y entender a los dem\u00e1s, pedir ayuda, confianza y compartir conocimiento.<\/p>\n<p><strong>Aprendizaje: <\/strong>Nos damos el tiempo para pensar de forma profunda nuestros temas m\u00e1s importantes. Sacamos aprendizaje de cada tropiezo. Innovamos y mejoramos cada d\u00eda.<\/p>\n<p><strong>Pasi\u00f3n por lo que hacemos: <\/strong>Nos encanta generar impacto creando e innovando. Creemos que podemos hacer de TIMining una empresa l\u00edder mundial, que inspire a muchos otros a generar un impacto positivo en el mundo..Postula ahora.Cu\u00e9ntanos porqu\u00e9 tienes inter\u00e9s de unirte a TIMining, adjunta tu CV y conversemos!.envia postulaci\u00f3n<\/p>\n","protected":false},"excerpt":{"rendered":"<p>Somos una empresa tecnol\u00f3gica enfocada 100% en miner\u00eda. Creamos soluciones para minas m\u00e1s eficientes, productivas, seguras y sustentables. .Cont\u00e1ctanos si eres apasionado por la tecnolog\u00eda, miner\u00eda, innovaci\u00f3n o dise\u00f1o y quieres unirte a un equipo de desempe\u00f1o de clase mundial. Buscamos talentos en Australia, Canada, Peru, Chile y USA. .Creamos software que transforma datos en [&hellip;]<\/p>\n","protected":false},"author":1,"featured_media":0,"parent":0,"menu_order":0,"comment_status":"closed","ping_status":"closed","template":"about","meta":{"_acf_changed":false,"footnotes":""},"class_list":["post-56","page","type-page","status-publish","hentry"],"acf":[],"builder_content":"","_links":{"self":[{"href":"https:\/\/www.timining.com\/es\/wp-json\/wp\/v2\/pages\/56","targetHints":{"allow":["GET"]}}],"collection":[{"href":"https:\/\/www.timining.com\/es\/wp-json\/wp\/v2\/pages"}],"about":[{"href":"https:\/\/www.timining.com\/es\/wp-json\/wp\/v2\/types\/page"}],"author":[{"embeddable":true,"href":"https:\/\/www.timining.com\/es\/wp-json\/wp\/v2\/users\/1"}],"replies":[{"embeddable":true,"href":"https:\/\/www.timining.com\/es\/wp-json\/wp\/v2\/comments?post=56"}],"version-history":[{"count":61,"href":"https:\/\/www.timining.com\/es\/wp-json\/wp\/v2\/pages\/56\/revisions"}],"predecessor-version":[{"id":3640,"href":"https:\/\/www.timining.com\/es\/wp-json\/wp\/v2\/pages\/56\/revisions\/3640"}],"wp:attachment":[{"href":"https:\/\/www.timining.com\/es\/wp-json\/wp\/v2\/media?parent=56"}],"curies":[{"name":"wp","href":"https:\/\/api.w.org\/{rel}","templated":true}]}}